{"id":31,"date":"2024-04-18T09:20:56","date_gmt":"2024-04-18T09:20:56","guid":{"rendered":"http:\/\/jorgejimenez.es\/?page_id=31"},"modified":"2024-07-02T19:38:37","modified_gmt":"2024-07-02T19:38:37","slug":"proyectos","status":"publish","type":"page","link":"https:\/\/jorgejimenez.es\/index.php\/proyectos\/","title":{"rendered":"Proyectos"},"content":{"rendered":"\t\t<div data-elementor-type=\"wp-page\" data-elementor-id=\"31\" class=\"elementor elementor-31\">\n\t\t\t\t<div class=\"elementor-element elementor-element-8cd9214 e-flex e-con-boxed e-con e-parent\" data-id=\"8cd9214\" data-element_type=\"container\">\n\t\t\t\t\t<div class=\"e-con-inner\">\n\t\t\t\t<div class=\"elementor-element elementor-element-eb68fac elementor-widget elementor-widget-spacer\" data-id=\"eb68fac\" data-element_type=\"widget\" data-widget_type=\"spacer.default\">\n\t\t\t\t<div class=\"elementor-widget-container\">\n\t\t\t<style>\/*! elementor - v3.21.0 - 15-04-2024 *\/\n.elementor-column .elementor-spacer-inner{height:var(--spacer-size)}.e-con{--container-widget-width:100%}.e-con-inner>.elementor-widget-spacer,.e-con>.elementor-widget-spacer{width:var(--container-widget-width,var(--spacer-size));--align-self:var(--container-widget-align-self,initial);--flex-shrink:0}.e-con-inner>.elementor-widget-spacer>.elementor-widget-container,.e-con>.elementor-widget-spacer>.elementor-widget-container{height:100%;width:100%}.e-con-inner>.elementor-widget-spacer>.elementor-widget-container>.elementor-spacer,.e-con>.elementor-widget-spacer>.elementor-widget-container>.elementor-spacer{height:100%}.e-con-inner>.elementor-widget-spacer>.elementor-widget-container>.elementor-spacer>.elementor-spacer-inner,.e-con>.elementor-widget-spacer>.elementor-widget-container>.elementor-spacer>.elementor-spacer-inner{height:var(--container-widget-height,var(--spacer-size))}.e-con-inner>.elementor-widget-spacer.elementor-widget-empty,.e-con>.elementor-widget-spacer.elementor-widget-empty{position:relative;min-height:22px;min-width:22px}.e-con-inner>.elementor-widget-spacer.elementor-widget-empty .elementor-widget-empty-icon,.e-con>.elementor-widget-spacer.elementor-widget-empty .elementor-widget-empty-icon{position:absolute;top:0;bottom:0;left:0;right:0;margin:auto;padding:0;width:22px;height:22px}<\/style>\t\t<div class=\"elementor-spacer\">\n\t\t\t<div class=\"elementor-spacer-inner\"><\/div>\n\t\t<\/div>\n\t\t\t\t<\/div>\n\t\t\t\t<\/div>\n\t\t\t\t\t<\/div>\n\t\t\t\t<\/div>\n\t\t<div class=\"elementor-element elementor-element-ca62953 e-grid e-con-boxed e-con e-parent\" data-id=\"ca62953\" data-element_type=\"container\">\n\t\t\t\t\t<div class=\"e-con-inner\">\n\t\t\t\t<div class=\"elementor-element elementor-element-e88517a elementor-cta--skin-cover elementor-cta--valign-bottom elementor-animated-content elementor-bg-transform elementor-bg-transform-zoom-in elementor-widget elementor-widget-call-to-action\" data-id=\"e88517a\" data-element_type=\"widget\" data-widget_type=\"call-to-action.default\">\n\t\t\t\t<div class=\"elementor-widget-container\">\n\t\t\t<link rel=\"stylesheet\" href=\"https:\/\/jorgejimenez.es\/wp-content\/plugins\/elementor-pro\/assets\/css\/widget-call-to-action.min.css\">\t\t<div class=\"elementor-cta\">\n\t\t\t\t\t<div class=\"elementor-cta__bg-wrapper\">\n\t\t\t\t<div class=\"elementor-cta__bg elementor-bg\" style=\"background-image: url(https:\/\/jorgejimenez.es\/wp-content\/uploads\/2024\/06\/Portadilla-Editorial-1.png);\"><\/div>\n\t\t\t\t<div class=\"elementor-cta__bg-overlay\"><\/div>\n\t\t\t<\/div>\n\t\t\t\t\t\t\t<div class=\"elementor-cta__content\">\n\t\t\t\t\n\t\t\t\t\n\t\t\t\t\n\t\t\t\t\t\t\t\t\t<div class=\"elementor-cta__button-wrapper elementor-cta__content-item elementor-content-item elementor-animated-item--grow\">\n\t\t\t\t\t<a class=\"elementor-cta__button elementor-button elementor-size-xs\" href=\"https:\/\/jorgejimenez.es\/index.php\/editorial\/\">\n\t\t\t\t\t\tEditorial\t\t\t\t\t<\/a>\n\t\t\t\t\t<\/div>\n\t\t\t\t\t\t\t<\/div>\n\t\t\t\t\t\t<\/div>\n\t\t\t\t<\/div>\n\t\t\t\t<\/div>\n\t\t\t\t<div class=\"elementor-element elementor-element-9f24d4c elementor-cta--skin-cover elementor-cta--valign-bottom elementor-animated-content elementor-bg-transform elementor-bg-transform-zoom-in elementor-widget elementor-widget-call-to-action\" data-id=\"9f24d4c\" data-element_type=\"widget\" data-widget_type=\"call-to-action.default\">\n\t\t\t\t<div class=\"elementor-widget-container\">\n\t\t\t\t\t<div class=\"elementor-cta\">\n\t\t\t\t\t<div class=\"elementor-cta__bg-wrapper\">\n\t\t\t\t<div class=\"elementor-cta__bg elementor-bg\" style=\"background-image: url(https:\/\/jorgejimenez.es\/wp-content\/uploads\/2024\/06\/Portadilla-Branding.png);\"><\/div>\n\t\t\t\t<div class=\"elementor-cta__bg-overlay\"><\/div>\n\t\t\t<\/div>\n\t\t\t\t\t\t\t<div class=\"elementor-cta__content\">\n\t\t\t\t\n\t\t\t\t\n\t\t\t\t\n\t\t\t\t\t\t\t\t\t<div class=\"elementor-cta__button-wrapper elementor-cta__content-item elementor-content-item elementor-animated-item--grow\">\n\t\t\t\t\t<a class=\"elementor-cta__button elementor-button elementor-size-xs\" href=\"https:\/\/jorgejimenez.es\/index.php\/branding\/\">\n\t\t\t\t\t\tBranding\t\t\t\t\t<\/a>\n\t\t\t\t\t<\/div>\n\t\t\t\t\t\t\t<\/div>\n\t\t\t\t\t\t<\/div>\n\t\t\t\t<\/div>\n\t\t\t\t<\/div>\n\t\t\t\t<div class=\"elementor-element elementor-element-5b92809 elementor-cta--skin-cover elementor-cta--valign-bottom elementor-animated-content elementor-bg-transform elementor-bg-transform-zoom-in elementor-widget elementor-widget-call-to-action\" data-id=\"5b92809\" data-element_type=\"widget\" data-widget_type=\"call-to-action.default\">\n\t\t\t\t<div class=\"elementor-widget-container\">\n\t\t\t\t\t<div class=\"elementor-cta\">\n\t\t\t\t\t<div class=\"elementor-cta__bg-wrapper\">\n\t\t\t\t<div class=\"elementor-cta__bg elementor-bg\" style=\"background-image: url(https:\/\/jorgejimenez.es\/wp-content\/uploads\/2024\/06\/Portadilla-Animacion-1.png);\"><\/div>\n\t\t\t\t<div class=\"elementor-cta__bg-overlay\"><\/div>\n\t\t\t<\/div>\n\t\t\t\t\t\t\t<div class=\"elementor-cta__content\">\n\t\t\t\t\n\t\t\t\t\n\t\t\t\t\n\t\t\t\t\t\t\t\t\t<div class=\"elementor-cta__button-wrapper elementor-cta__content-item elementor-content-item elementor-animated-item--grow\">\n\t\t\t\t\t<a class=\"elementor-cta__button elementor-button elementor-size-xs\" href=\"https:\/\/jorgejimenez.es\/index.php\/animacion\/\">\n\t\t\t\t\t\tAnimaci\u00f3n\t\t\t\t\t<\/a>\n\t\t\t\t\t<\/div>\n\t\t\t\t\t\t\t<\/div>\n\t\t\t\t\t\t<\/div>\n\t\t\t\t<\/div>\n\t\t\t\t<\/div>\n\t\t\t\t<div class=\"elementor-element elementor-element-4079a9c elementor-cta--skin-cover elementor-cta--valign-bottom elementor-animated-content elementor-bg-transform elementor-bg-transform-zoom-in elementor-widget elementor-widget-call-to-action\" data-id=\"4079a9c\" data-element_type=\"widget\" data-widget_type=\"call-to-action.default\">\n\t\t\t\t<div class=\"elementor-widget-container\">\n\t\t\t\t\t<div class=\"elementor-cta\">\n\t\t\t\t\t<div class=\"elementor-cta__bg-wrapper\">\n\t\t\t\t<div class=\"elementor-cta__bg elementor-bg\" style=\"background-image: url(https:\/\/jorgejimenez.es\/wp-content\/uploads\/2024\/06\/Portadilla-Carteleria.png);\"><\/div>\n\t\t\t\t<div class=\"elementor-cta__bg-overlay\"><\/div>\n\t\t\t<\/div>\n\t\t\t\t\t\t\t<div class=\"elementor-cta__content\">\n\t\t\t\t\n\t\t\t\t\n\t\t\t\t\n\t\t\t\t\t\t\t\t\t<div class=\"elementor-cta__button-wrapper elementor-cta__content-item elementor-content-item elementor-animated-item--grow\">\n\t\t\t\t\t<a class=\"elementor-cta__button elementor-button elementor-size-xs\" href=\"https:\/\/jorgejimenez.es\/index.php\/carteleria\/\">\n\t\t\t\t\t\tCarteler\u00eda\t\t\t\t\t<\/a>\n\t\t\t\t\t<\/div>\n\t\t\t\t\t\t\t<\/div>\n\t\t\t\t\t\t<\/div>\n\t\t\t\t<\/div>\n\t\t\t\t<\/div>\n\t\t\t\t<div class=\"elementor-element elementor-element-cedd4d0 elementor-cta--skin-cover elementor-cta--valign-bottom elementor-animated-content elementor-bg-transform elementor-bg-transform-zoom-in elementor-widget elementor-widget-call-to-action\" data-id=\"cedd4d0\" data-element_type=\"widget\" data-widget_type=\"call-to-action.default\">\n\t\t\t\t<div class=\"elementor-widget-container\">\n\t\t\t\t\t<div class=\"elementor-cta\">\n\t\t\t\t\t<div class=\"elementor-cta__bg-wrapper\">\n\t\t\t\t<div class=\"elementor-cta__bg elementor-bg\" style=\"background-image: url(https:\/\/jorgejimenez.es\/wp-content\/uploads\/2024\/06\/Portadilla-Tipografia.png);\"><\/div>\n\t\t\t\t<div class=\"elementor-cta__bg-overlay\"><\/div>\n\t\t\t<\/div>\n\t\t\t\t\t\t\t<div class=\"elementor-cta__content\">\n\t\t\t\t\n\t\t\t\t\n\t\t\t\t\n\t\t\t\t\t\t\t\t\t<div class=\"elementor-cta__button-wrapper elementor-cta__content-item elementor-content-item elementor-animated-item--grow\">\n\t\t\t\t\t<a class=\"elementor-cta__button elementor-button elementor-size-xs\" href=\"https:\/\/jorgejimenez.es\/index.php\/tipografia\/\">\n\t\t\t\t\t\tTipograf\u00eda\t\t\t\t\t<\/a>\n\t\t\t\t\t<\/div>\n\t\t\t\t\t\t\t<\/div>\n\t\t\t\t\t\t<\/div>\n\t\t\t\t<\/div>\n\t\t\t\t<\/div>\n\t\t\t\t\t<\/div>\n\t\t\t\t<\/div>\n\t\t\t\t<\/div>\n\t\t","protected":false},"excerpt":{"rendered":"<p>Editorial Branding Animaci\u00f3n Carteler\u00eda Tipograf\u00eda<\/p>\n","protected":false},"author":1,"featured_media":0,"parent":0,"menu_order":0,"comment_status":"closed","ping_status":"closed","template":"","meta":{"footnotes":""},"class_list":["post-31","page","type-page","status-publish","hentry"],"yoast_head":"<!-- This site is optimized with the Yoast SEO plugin v22.4 - https:\/\/yoast.com\/wordpress\/plugins\/seo\/ -->\n<title>Proyectos - Jorge Jimenez<\/title>\n<meta name=\"robots\" content=\"index, follow, max-snippet:-1, max-image-preview:large, max-video-preview:-1\" \/>\n<link rel=\"canonical\" href=\"https:\/\/jorgejimenez.es\/index.php\/proyectos\/\" \/>\n<meta property=\"og:locale\" content=\"es_ES\" \/>\n<meta property=\"og:type\" content=\"article\" \/>\n<meta property=\"og:title\" content=\"Proyectos - Jorge Jimenez\" \/>\n<meta property=\"og:description\" content=\"Editorial Branding Animaci\u00f3n Carteler\u00eda Tipograf\u00eda\" \/>\n<meta property=\"og:url\" content=\"https:\/\/jorgejimenez.es\/index.php\/proyectos\/\" \/>\n<meta property=\"og:site_name\" content=\"Jorge Jimenez\" \/>\n<meta property=\"article:modified_time\" content=\"2024-07-02T19:38:37+00:00\" \/>\n<meta name=\"twitter:card\" content=\"summary_large_image\" \/>\n<meta name=\"twitter:label1\" content=\"Tiempo de lectura\" \/>\n\t<meta name=\"twitter:data1\" content=\"1 minuto\" \/>\n<script type=\"application\/ld+json\" class=\"yoast-schema-graph\">{\"@context\":\"https:\/\/schema.org\",\"@graph\":[{\"@type\":\"WebPage\",\"@id\":\"https:\/\/jorgejimenez.es\/index.php\/proyectos\/\",\"url\":\"https:\/\/jorgejimenez.es\/index.php\/proyectos\/\",\"name\":\"Proyectos - Jorge Jimenez\",\"isPartOf\":{\"@id\":\"https:\/\/jorgejimenez.es\/#website\"},\"datePublished\":\"2024-04-18T09:20:56+00:00\",\"dateModified\":\"2024-07-02T19:38:37+00:00\",\"breadcrumb\":{\"@id\":\"https:\/\/jorgejimenez.es\/index.php\/proyectos\/#breadcrumb\"},\"inLanguage\":\"es\",\"potentialAction\":[{\"@type\":\"ReadAction\",\"target\":[\"https:\/\/jorgejimenez.es\/index.php\/proyectos\/\"]}]},{\"@type\":\"BreadcrumbList\",\"@id\":\"https:\/\/jorgejimenez.es\/index.php\/proyectos\/#breadcrumb\",\"itemListElement\":[{\"@type\":\"ListItem\",\"position\":1,\"name\":\"Portada\",\"item\":\"https:\/\/jorgejimenez.es\/\"},{\"@type\":\"ListItem\",\"position\":2,\"name\":\"Proyectos\"}]},{\"@type\":\"WebSite\",\"@id\":\"https:\/\/jorgejimenez.es\/#website\",\"url\":\"https:\/\/jorgejimenez.es\/\",\"name\":\"JorgeJimenez\",\"description\":\"\",\"publisher\":{\"@id\":\"https:\/\/jorgejimenez.es\/#\/schema\/person\/f90c6e501ff2468af25d6d56c95bce40\"},\"potentialAction\":[{\"@type\":\"SearchAction\",\"target\":{\"@type\":\"EntryPoint\",\"urlTemplate\":\"https:\/\/jorgejimenez.es\/?s={search_term_string}\"},\"query-input\":\"required name=search_term_string\"}],\"inLanguage\":\"es\"},{\"@type\":[\"Person\",\"Organization\"],\"@id\":\"https:\/\/jorgejimenez.es\/#\/schema\/person\/f90c6e501ff2468af25d6d56c95bce40\",\"name\":\"admin\",\"image\":{\"@type\":\"ImageObject\",\"inLanguage\":\"es\",\"@id\":\"https:\/\/jorgejimenez.es\/#\/schema\/person\/image\/\",\"url\":\"http:\/\/jorgejimenez.es\/wp-content\/uploads\/2024\/04\/cropped-Logo-fabicon-512px.jpg\",\"contentUrl\":\"http:\/\/jorgejimenez.es\/wp-content\/uploads\/2024\/04\/cropped-Logo-fabicon-512px.jpg\",\"width\":512,\"height\":512,\"caption\":\"admin\"},\"logo\":{\"@id\":\"https:\/\/jorgejimenez.es\/#\/schema\/person\/image\/\"},\"sameAs\":[\"http:\/\/jorgejimenez.es\"]}]}<\/script>\n<!-- \/ Yoast SEO plugin. -->","yoast_head_json":{"title":"Proyectos - Jorge Jimenez","robots":{"index":"index","follow":"follow","max-snippet":"max-snippet:-1","max-image-preview":"max-image-preview:large","max-video-preview":"max-video-preview:-1"},"canonical":"https:\/\/jorgejimenez.es\/index.php\/proyectos\/","og_locale":"es_ES","og_type":"article","og_title":"Proyectos - Jorge Jimenez","og_description":"Editorial Branding Animaci\u00f3n Carteler\u00eda Tipograf\u00eda","og_url":"https:\/\/jorgejimenez.es\/index.php\/proyectos\/","og_site_name":"Jorge Jimenez","article_modified_time":"2024-07-02T19:38:37+00:00","twitter_card":"summary_large_image","twitter_misc":{"Tiempo de lectura":"1 minuto"},"schema":{"@context":"https:\/\/schema.org","@graph":[{"@type":"WebPage","@id":"https:\/\/jorgejimenez.es\/index.php\/proyectos\/","url":"https:\/\/jorgejimenez.es\/index.php\/proyectos\/","name":"Proyectos - Jorge Jimenez","isPartOf":{"@id":"https:\/\/jorgejimenez.es\/#website"},"datePublished":"2024-04-18T09:20:56+00:00","dateModified":"2024-07-02T19:38:37+00:00","breadcrumb":{"@id":"https:\/\/jorgejimenez.es\/index.php\/proyectos\/#breadcrumb"},"inLanguage":"es","potentialAction":[{"@type":"ReadAction","target":["https:\/\/jorgejimenez.es\/index.php\/proyectos\/"]}]},{"@type":"BreadcrumbList","@id":"https:\/\/jorgejimenez.es\/index.php\/proyectos\/#breadcrumb","itemListElement":[{"@type":"ListItem","position":1,"name":"Portada","item":"https:\/\/jorgejimenez.es\/"},{"@type":"ListItem","position":2,"name":"Proyectos"}]},{"@type":"WebSite","@id":"https:\/\/jorgejimenez.es\/#website","url":"https:\/\/jorgejimenez.es\/","name":"JorgeJimenez","description":"","publisher":{"@id":"https:\/\/jorgejimenez.es\/#\/schema\/person\/f90c6e501ff2468af25d6d56c95bce40"},"potentialAction":[{"@type":"SearchAction","target":{"@type":"EntryPoint","urlTemplate":"https:\/\/jorgejimenez.es\/?s={search_term_string}"},"query-input":"required name=search_term_string"}],"inLanguage":"es"},{"@type":["Person","Organization"],"@id":"https:\/\/jorgejimenez.es\/#\/schema\/person\/f90c6e501ff2468af25d6d56c95bce40","name":"admin","image":{"@type":"ImageObject","inLanguage":"es","@id":"https:\/\/jorgejimenez.es\/#\/schema\/person\/image\/","url":"http:\/\/jorgejimenez.es\/wp-content\/uploads\/2024\/04\/cropped-Logo-fabicon-512px.jpg","contentUrl":"http:\/\/jorgejimenez.es\/wp-content\/uploads\/2024\/04\/cropped-Logo-fabicon-512px.jpg","width":512,"height":512,"caption":"admin"},"logo":{"@id":"https:\/\/jorgejimenez.es\/#\/schema\/person\/image\/"},"sameAs":["http:\/\/jorgejimenez.es"]}]}},"_links":{"self":[{"href":"https:\/\/jorgejimenez.es\/index.php\/wp-json\/wp\/v2\/pages\/31"}],"collection":[{"href":"https:\/\/jorgejimenez.es\/index.php\/wp-json\/wp\/v2\/pages"}],"about":[{"href":"https:\/\/jorgejimenez.es\/index.php\/wp-json\/wp\/v2\/types\/page"}],"author":[{"embeddable":true,"href":"https:\/\/jorgejimenez.es\/index.php\/wp-json\/wp\/v2\/users\/1"}],"replies":[{"embeddable":true,"href":"https:\/\/jorgejimenez.es\/index.php\/wp-json\/wp\/v2\/comments?post=31"}],"version-history":[{"count":151,"href":"https:\/\/jorgejimenez.es\/index.php\/wp-json\/wp\/v2\/pages\/31\/revisions"}],"predecessor-version":[{"id":1735,"href":"https:\/\/jorgejimenez.es\/index.php\/wp-json\/wp\/v2\/pages\/31\/revisions\/1735"}],"wp:attachment":[{"href":"https:\/\/jorgejimenez.es\/index.php\/wp-json\/wp\/v2\/media?parent=31"}],"curies":[{"name":"wp","href":"https:\/\/api.w.org\/{rel}","templated":true}]}}